{"id":46,"date":"2013-05-30T11:44:45","date_gmt":"2013-05-30T11:44:45","guid":{"rendered":"http:\/\/guiavisualwonder.grupiref.org\/?page_id=46"},"modified":"2015-11-14T12:55:05","modified_gmt":"2015-11-14T12:55:05","slug":"segona-partvia","status":"publish","type":"page","link":"https:\/\/guiavisualwonder.grupiref.org\/?page_id=46","title":{"rendered":"SEGONA PART<br>VIA"},"content":{"rendered":"<p><script type=\"text\/javascript\">\/\/ <![CDATA[\n  var _gaq = _gaq || [];\n  _gaq.push(['_setAccount', 'UA-41710136-1']);\n  _gaq.push(['_setDomainName', 'grupiref.org']);\n  _gaq.push(['_setAllowLinker', true]);\n  _gaq.push(['_trackPageview']);\n\n  (function() {\n    var ga = document.createElement('script'); ga.type = 'text\/javascript'; ga.async = true;\n    ga.src = ('https:' == document.location.protocol ? 'https:\/\/ssl' : 'http:\/\/www') + '.google-analytics.com\/ga.js';\n    var s = document.getElementsByTagName('script')[0]; s.parentNode.insertBefore(ga, s);\n  })();\n\/\/ ]]><\/script><br \/>\n<strong>P\u00e0gina 111<\/strong><\/p>\n<p>&nbsp;<\/p>\n<p><strong>\u00abMolt per sobre del m\u00f3n<\/strong><br \/>\n<strong>el planeta Terra es veu trist,<\/strong><br \/>\n<strong>i jo no hi puc fer res.<\/strong><br \/>\n<strong>DAVID BOWIE, \u00abSpace Oddity\u00bb\u00bb<\/strong><\/p>\n<p>&nbsp;<\/p>\n<p>Fragment de la lletra de la can\u00e7\u00f3<em> Space Oddity<\/em>, de David Bowie.<\/p>\n<p>&nbsp;<\/p>\n<p>La can\u00e7\u00f3 parla sobre un astronauta que opta per romandre a l\u2019espai exterior en lloc de retornar a casa, que \u00e9s una cosa que de vegades li passa a la Via. El personatge es debat entre la seva pr\u00f2pia versi\u00f3 de tornar a la Terra, que \u00e9s el m\u00f3n de Auggie, i la llibertat de l\u2019espai, que \u00e9s el m\u00f3n de fora, lluny del que Auggie representa.<\/p>\n<p>&nbsp;<\/p>\n<p>\u201cEl planeta Terra \u00e9s trist i no hi ha res que jo pugui fer.\u201d<\/p>\n<p>&nbsp;<\/p>\n<p>No hi ha res que pugui fer respecte a l&#8217;Auggie, i ella l\u2019adora. Per\u00f2 una part d\u2019ella vol ser lliure per comen\u00e7ar una vida que no estigui definida per ell.<br \/>\nLa can\u00e7\u00f3 <em>Space Oddity<\/em> (Raresa Espacial), publicada el 1969, \u00e9s una narraci\u00f3 poderosa, on ressona la pel\u00b7l\u00edcula de Stanley Kubrick: 2001, una odissea espacial. La similitud en els t\u00edtols suggereix que aquesta pel\u00b7l\u00edcula es trobava en la ment de David Bowie quan la va compondre.<br \/>\nEl principal personatge de la can\u00e7\u00f3 (igual que a la pel\u00b7l\u00edcula) es diu David Bowman.<\/p>\n<p>Aquesta \u00e9s la can\u00e7\u00f3 que l&#8217;Auggie i la Miranda cantaven junts quan ell era petit.<\/p>\n<p>&nbsp;<\/p>\n<p><strong>Space Oddity \u2013 Artista: David Bowie<\/strong><\/p>\n<p>&nbsp;<\/p>\n<div class=\"MsoNormal\" style=\"margin-bottom: 0.0001pt;\">\n<p><object style=\"clear: left; float: left;\" width=\"320\" height=\"266\" classid=\"clsid:d27cdb6e-ae6d-11cf-96b8-444553540000\" codebase=\"http:\/\/download.macromedia.com\/pub\/shockwave\/cabs\/flash\/swflash.cab#version=6,0,40,0\"><param name=\"allowFullScreen\" value=\"true\" \/><param name=\"src\" value=\"http:\/\/youtube.googleapis.com\/v\/rKE3FSPJu-4&amp;source=uds\" \/><param name=\"allowfullscreen\" value=\"true\" \/><embed style=\"clear: left; float: left;\" width=\"320\" height=\"266\" type=\"application\/x-shockwave-flash\" src=\"http:\/\/youtube.googleapis.com\/v\/rKE3FSPJu-4&amp;source=uds\" allowfullscreen=\"allowfullscreen\" allowfullscreen=\"allowfullscreen\" \/><\/object><\/p>\n<h2><\/h2>\n<div style=\"page-break-after: always;\"><span style=\"display: none;\">\u00a0<\/span><\/div>\n<p>Ground Control to Major Tom<br \/>\nGround Control to Major Tom<br \/>\nTake your protein pills and put your helmet onGround Control to Major Tom<br \/>\nCommencing countdown, engines on<br \/>\nCheck ignition and may God\u2019s love be with you<br \/>\n(spoken)<br \/>\nTen, Nine, Eight, Seven, Six, Five, Four, Three, Two, One, LiftoffThis is Ground Control to Major Tom<br \/>\nYou\u2019ve really made the grade<br \/>\nAnd the papers want to know whose shirts you wear<br \/>\nNow it\u2019s time to leave the capsule if you dare\u201cThis is Major Tom to Ground Control<br \/>\nI\u2019m stepping through the door<br \/>\nAnd I\u2019m floating in a most peculiar way<br \/>\nAnd the stars look very different todayFor here<br \/>\nAm I sitting in a tin can<br \/>\nFar above the world<br \/>\nPlanet Earth is blue<br \/>\nAnd there\u2019s nothing I can do<\/p>\n<p>Though I\u2019m past one hundred thousand miles<\/p>\n<p>I\u2019m feeling very still<\/p>\n<p>And I think my spaceship knows which way to go<br \/>\nTell my wife I love her very much she knows\u201d<\/p>\n<p>Ground Control to Major Tom<\/p>\n<p>Your circuit\u2019s dead, there\u2019s something wrong<\/p>\n<p>Can you hear me, Major Tom?<\/p>\n<p>Can you hear me, Major Tom?<br \/>\nCan you hear me, Major Tom?<br \/>\nCan you\u2026.<\/p>\n<p>\u201cHere am I floating round my tin can<\/p>\n<p>Far above the Moon<br \/>\nPlanet Earth is blue<br \/>\nAnd there\u2019s nothing I can do.\u201d<\/p>\n<p>&nbsp;<\/p>\n<p>&nbsp;<\/p>\n<p><b>Versi\u00f3 catalana\u00a0<\/b><\/p>\n<\/div>\n<div>Ground Control al Major Tom<\/div>\n<div>Ground Control al Major Tom<\/div>\n<div>Prengui les seves p\u00edndoles de prote\u00efnes i posi\u2019s el casc<\/div>\n<div>Ground Control al Major Tom<\/div>\n<div>Comen\u00e7ant el compte enrere, els motors encesos<\/div>\n<div>Comproveu la ignici\u00f3 i l\u2019amor de D\u00e9u sigui amb vosaltres<\/div>\n<div>(Parlant)<\/div>\n<div>Deu, nou, vuit, set, sis, cinc, quatre, tres, dos, un, enlairament<\/div>\n<div>Terra al comandant Tom<\/div>\n<div>Realment has fet el grau<\/div>\n<div>I els diaris volen saber de qui et poses samarretes<\/div>\n<div>Ara \u00e9s el moment de sortir de la c\u00e0psula. si s\u2019atreveix<\/div>\n<div>Aquest \u00e9s el Major Tom a la Zona de Control<\/div>\n<div>Estic caminant per la porta<\/div>\n<div>I estic surant en una forma molt peculiar<\/div>\n<div>I les estrelles es veuen molt diferents avui dia<\/div>\n<div>Per aqu\u00ed<\/div>\n<div>Estic assegut en una llauna<\/div>\n<div>Molt per sobre del m\u00f3n<\/div>\n<div>El planeta Terra \u00e9s blau\/trist<\/div>\n<div>I no hi ha res que jo pugui fer<\/div>\n<div>Encara que he passat cent mil milles<\/div>\n<div>Em sento molt quiet<\/div>\n<div>I crec que la meva nau sap quin cam\u00ed prendre<\/div>\n<div>Digues a la meva dona que l\u2019estimo molt<\/div>\n<div>Ground Control al Major Tom<\/div>\n<div>El seu circuit \u00e9s mort, hi ha alguna cosa malament<\/div>\n<div>Em pots escoltar, Major Tom?<\/div>\n<div>Em pots escoltar, Major Tom?<\/div>\n<div>Em pots escoltar, Major Tom?<\/div>\n<div>Em pots\u2026.<\/div>\n<div>Aqu\u00ed estic flotant al voltant del meu llauna<\/div>\n<div>Molt per sobre de la Lluna<\/div>\n<div>El planeta Terra \u00e9s blau\/trist<\/div>\n<div>I no hi ha res que jo pugui fer. \u201c<\/div>\n<div><\/div>\n<div><\/div>\n<p>&nbsp;<\/p>\n<div style=\"page-break-after: always;\"><span style=\"display: none;\">\u00a0<\/span><\/div>\n<p>&nbsp;<\/p>\n<div><strong>P\u00e0gina 112<\/strong><\/div>\n<p>&nbsp;<\/p>\n<div><\/div>\n<div><\/div>\n<div><\/div>\n<div><strong>\u00abL\u2019August \u00e9s el Sol. El pare, la mare i jo som els planetes que giren al voltant del Sol. La resta de familiars i amics s\u00f3n asteroides i cometes que floten al voltant dels planetes que giren al voltant del Sol. L\u2019\u00fanic cos celeste que no gira al voltant d\u2019aquest Sol que es diu August \u00e9s la Daisy, la gossa, per\u00f2 nom\u00e9s perqu\u00e8 pels seus ullets de gossa no hi ha gaire difer\u00e8ncia entre la cara de l\u2019August i la resta de cares humanes.\u00bb<\/strong><\/div>\n<div><\/div>\n<div class=\"separator\" style=\"clear: both; text-align: center;\"><a style=\"clear: right; float: right; margin-bottom: 1em; margin-left: 1em;\" href=\"http:\/\/4.bp.blogspot.com\/_bNuAslOAMBs\/TPZ9Y824AOI\/AAAAAAAAADo\/QylKbNhXVgI\/s1600\/Sistema+Solar.jpg\"><span style=\"font-family: Verdana, sans-serif;\"><img loading=\"lazy\" decoding=\"async\" src=\"http:\/\/4.bp.blogspot.com\/_bNuAslOAMBs\/TPZ9Y824AOI\/AAAAAAAAADo\/QylKbNhXVgI\/s320\/Sistema+Solar.jpg\" alt=\"\" width=\"320\" height=\"240\" border=\"0\" \/><\/span><\/a><\/div>\n<div class=\"MsoNormal\" style=\"margin-bottom: 0.0001pt;\"><span style=\"font-family: Verdana, sans-serif;\">\u00a0<\/span><\/div>\n<div class=\"MsoListParagraph\" style=\"margin-bottom: 0.0001pt; text-indent: -18pt;\"><!-- [if !supportLists]--><span style=\"font-family: Verdana, sans-serif;\">&#8211;<span style=\"font-size: 7pt;\">\u00a0\u00a0\u00a0\u00a0\u00a0 <\/span><!--[endif]-->Qu\u00e8\u00a0vol dir Via amb aquestes paraules? <\/span><\/div>\n<div class=\"MsoListParagraph\" style=\"margin-bottom: 0.0001pt; text-indent: -18pt;\"><!-- [if !supportLists]--><span style=\"font-family: Verdana, sans-serif;\">&#8211;<span style=\"font-size: 7pt;\">\u00a0\u00a0\u00a0\u00a0\u00a0 <\/span><!--[endif]-->Per\u00a0qu\u00e8 Auggie \u00e9s al mig i fa de Sol? <\/span><\/div>\n<div class=\"MsoListParagraph\" style=\"margin-bottom: 0.0001pt; text-indent: -18pt;\"><!-- [if !supportLists]--><span style=\"font-family: Verdana, sans-serif;\">&#8211;<span style=\"font-size: 7pt;\">\u00a0\u00a0\u00a0\u00a0\u00a0 <\/span><!--[endif]-->Per\u00a0qu\u00e8 tothom gira al seu entorn?\u00a0 <\/span><\/div>\n<div class=\"MsoNormal\" style=\"margin-bottom: 0.0001pt;\"><span style=\"font-family: Verdana, sans-serif;\">\u00a0<\/span><\/div>\n<div class=\"MsoNormal\" style=\"margin-bottom: 0.0001pt;\"><span style=\"font-family: Verdana, sans-serif;\">\u00a0<\/span><\/div>\n<div class=\"MsoNormal\" style=\"margin-bottom: 0.0001pt;\"><span style=\"font-family: Verdana, sans-serif;\">\u00a0<\/span><\/div>\n<div class=\"MsoNormal\" style=\"margin-bottom: 0.0001pt;\"><span style=\"font-family: Verdana, sans-serif;\">\u00a0<\/span><\/div>\n<div class=\"MsoNormal\" style=\"margin-bottom: 0.0001pt;\"><span style=\"font-family: Verdana, sans-serif;\">\u00a0<\/span><\/div>\n<div class=\"MsoNormal\" style=\"margin-bottom: 0.0001pt;\"><\/div>\n<div class=\"MsoNormal\" style=\"margin-bottom: 0.0001pt;\"><\/div>\n<div class=\"MsoNormal\" style=\"margin-bottom: 0.0001pt;\">\n<p>&nbsp;<\/p>\n<div style=\"page-break-after: always;\"><span style=\"display: none;\">\u00a0<\/span><\/div>\n<p><strong>P\u00e0gina 126<\/strong><\/p>\n<p>&nbsp;<\/p>\n<p><strong>\u00abHanna Montana.\u00bb<\/strong><\/p>\n<p><img loading=\"lazy\" decoding=\"async\" class=\"alignright\" src=\"https:\/\/encrypted-tbn1.gstatic.com\/images?q=tbn:ANd9GcQ-_0Y243Krq8ICRszRvhzoEJZ34W2PTt_0N7jAs9TOLPk5Zn5l\" alt=\"Hannah Montana\" width=\"259\" height=\"194\" \/><br \/>\nMiley Cyrus que interpreta Hanna Montana \u00e9s una actriu, cantant i compositora d\u2019Estats Units, coneguda pel paper de Hannah Montana a la s\u00e8rie del canal Disney.<\/p>\n<p>&nbsp;<\/p>\n<p>&nbsp;<\/p>\n<p>&nbsp;<\/p>\n<p>&nbsp;<\/p>\n<p><strong>\u00abE.T.\u00bb<\/strong><\/p>\n<\/div>\n<p>&nbsp;<\/p>\n<p><img loading=\"lazy\" decoding=\"async\" class=\"alignright\" style=\"color: #333333; font-style: normal; line-height: 24px;\" src=\"http:\/\/cdn.tengaged.es\/img_p\/20306.jpg?c=1336638841\" alt=\"\" width=\"200\" height=\"146\" \/><\/p>\n<p>Via confirma que diu que de vegades sent que la gent li diu ET a Auggie. Hi ha una escena a la pel\u00b7l\u00edcula ET, on es l\u2019extraterrestre es vesteix de gala per una festa i Via diu\u00a0que Auggie \u00e9s la imatge d&#8217;ET en aquesta escena.<\/p>\n<p>&nbsp;<\/p>\n<p>&nbsp;<\/p>\n<p><strong>P\u00e0gina 128<\/strong><\/p>\n<p>&nbsp;<\/p>\n<p><strong>\u00abParlava amb ell d\u2019Avatar, o de Star Wars, o de Bone, o de qualsevol cosa que sab\u00e9s que li agradava.\u00bb<\/strong><\/p>\n<p>&nbsp;<\/p>\n<p style=\"text-align: center;\">\u00a0<a href=\"http:\/\/www.peliculas.info\/wp-content\/uploads\/2009\/01\/avatar.jpg\"><img loading=\"lazy\" decoding=\"async\" src=\"http:\/\/www.peliculas.info\/wp-content\/uploads\/2009\/01\/avatar.jpg\" alt=\"\" width=\"320\" height=\"229\" border=\"0\" \/><\/a><\/p>\n<p style=\"text-align: center;\">\u00a0<a href=\"http:\/\/2.bp.blogspot.com\/-95bs3oqSj20\/T2dllazoomI\/AAAAAAAAA00\/DA3vzEEEymE\/s1600\/cubBone8.jpg\"><img decoding=\"async\" src=\"http:\/\/2.bp.blogspot.com\/-95bs3oqSj20\/T2dllazoomI\/AAAAAAAAA00\/DA3vzEEEymE\/s1600\/cubBone8.jpg\" alt=\"\" border=\"0\" \/><\/a><\/p>\n<p><strong> P\u00e0gina 129<\/strong><\/p>\n<p>&nbsp;<\/p>\n<p style=\"text-align: left;\"><strong>\u00abPentinat estil Bob.\u00bb<\/strong><\/p>\n<p><img loading=\"lazy\" decoding=\"async\" class=\"alignright\" style=\"color: #333333; font-style: normal; line-height: 24px;\" src=\"http:\/\/1.bp.blogspot.com\/-SKgmCuh0le4\/TeWQwcxjjDI\/AAAAAAAAFro\/6-NNEdCza84\/s200\/Peinados-2011-bob1.jpg\" alt=\"\" width=\"175\" height=\"200\" border=\"0\" \/><\/p>\n<p>&nbsp;<\/p>\n<p>El bob \u00e9s un tall de cabell de dona recte que fa una mitja melena des\u00a0de la\u00a0mand\u00edbula al coll. Sol portar serrell i es conegut tamb\u00e9 com a \u201c\u00be\u201d por que representa tres quartes parts del que seria un cabell llarg. Es un pentinat juvenil i un xic extremat.<\/p>\n<p>&nbsp;<\/p>\n<p>&nbsp;<\/p>\n<p>&nbsp;<\/p>\n<h2><\/h2>\n<div style=\"page-break-after: always;\"><span style=\"display: none;\">\u00a0<\/span><\/div>\n<p><strong>P\u00e0gina 135<\/strong><\/p>\n<p>&nbsp;<\/p>\n<p><strong>\u00abGuerra i pau\u00bb<\/strong><\/p>\n<p>&nbsp;<\/p>\n<p>Via llegeix la novel\u00b7la Guerra i Pau, escrita per l\u2019escriptor rus Lle\u00f3 Tolstoi el 1869. \u00c9s una novel\u00b7la llarga i de certa complexitat.<\/p>\n<p style=\"text-align: center;\">\u00a0<a href=\"http:\/\/image.casadellibro.com\/libros\/0\/guerra-i-pau-9788429762990.jpg\"><img decoding=\"async\" src=\"http:\/\/image.casadellibro.com\/libros\/0\/guerra-i-pau-9788429762990.jpg\" alt=\"\" border=\"0\" \/><\/a><\/p>\n<p>Lev Tolstoi (1828 \u2013 1910) va escriure Guerra i pau quan estava convalescent d&#8217;una caiguda de cavall que va patir durant una cacera. \u00c9s una de les obres m\u00e9s importants de la literatura russa i universal. Tolstoi hi explica les vicissituds de diferents personatges al llarg d&#8217;uns cinquanta anys de la hist\u00f2ria de R\u00fassia, des de les guerres napole\u00f2niques fins a la segona meitat del segle XIX. \u00c9s una magn\u00edfica hist\u00f2ria d\u2019amor.<\/p>\n<p>&nbsp;<\/p>\n<p><strong>P\u00e0gina 142<\/strong><\/p>\n<p>&nbsp;<\/p>\n<p><strong>\u00abLa Universitat de Brown\u00bb<\/strong><\/p>\n<p><img loading=\"lazy\" decoding=\"async\" class=\"aligncenter\" src=\"http:\/\/www.siloahlutheran.com\/files\/6713\/5113\/1181\/brown-university.jpeg\" alt=\"\" width=\"300\" height=\"150\" \/><br \/>\n\u00c9s on es van con\u00e8ixer els pares de Via i Auggie. La Universitat de Brown (en angl\u00e8s: Brown University), \u00e9s una universitat privada nord-americana, localitzada a Providence, a l\u2019estat de Rhode Island. Brown t\u00e9 una poblaci\u00f3 estudiantil de 5.701 estudiants de llicenciatura (primer cicle) i uns 1.894 a nivell postgrau (segon i tercer cicle).<\/p>\n<p>&nbsp;<\/p>\n<p><strong>P\u00e0gina 143<\/strong><\/p>\n<p>&nbsp;<\/p>\n<p><strong>\u00abTipus desconegut de disostosi mandibulofacial causada per una mutaci\u00f3 en el gen TCOF1, que es troba en el cromosoma 5, complicada per una caracter\u00edstica de la microsomia hemifacial spectum OAV.\u00bb<\/strong><\/p>\n<p>&nbsp;<\/p>\n<p><strong>La disostosis mandibulofacia<\/strong>l \u00e9s una patolog\u00eda que consisteix en un desenvolupament anormal de la mand\u00edbula inferior del rostre a causa d\u2019una mutaci\u00f3 d\u2019un gen del cromosoma 5, que t\u00e9 a veure amb el desenvolupament facial.\u00a0Es manifesta amb un paladar obert, abs\u00e8ncia de pavellons auriculars, malformacions en p\u00f2muls i mand\u00edbules, inclinaci\u00f3 dels ulls cap avall per esc\u00e0s desenvolupament de l&#8217;estructura \u00f2ssia subjacent, abs\u00e8ncia de pestanyes, mand\u00edbula petita, orelles mal.<\/p>\n<p><strong>La microsomia hemifacial<\/strong> \u00e9s un trastorn en el qual el teixit de la cara no es desenvolupa completament, especialment a les regions auditiva (l&#8217;o\u00efda), oral (de la boca) i mandibular (dels maxil\u00b7lars). Aquest trastorn implica una deformitat que varia en gran mesura segons la gravetat del trastorn. En general, la microsomia hemifacial es pot presenta espor\u00e0dicament, per\u00f2 en algunes fam\u00edlies \u00e9s heredit\u00e0ria.<\/p>\n<p>&nbsp;<\/p>\n<p><strong>P\u00e0gina 145<\/strong><\/p>\n<p>&nbsp;<\/p>\n<p><strong>\u00abNo s\u00e9 quants metges s\u2019han dedicat a fer quadres com si juguessin al tres en ratlla durant tots aquests anys.\u00bb<\/strong><\/p>\n<p><img loading=\"lazy\" decoding=\"async\" class=\"aligncenter\" src=\"http:\/\/www.esacademic.com\/pictures\/eswiki\/67\/Cuadro_punnet.jpg\" alt=\"\" width=\"515\" height=\"346\" \/><br \/>\nEl quadre de Punnett \u00e9s un esquema s&#8217;empra per calcular f\u00e0cilment les proporcions dels diferents genotips i fenotips. Els quadres de Punnett s\u2019usen per determinar els gens recessius i dominants, les probabilitats i l&#8217;atzar. Poden intentar predir les probabilitats, no garantir-les.<\/p>\n<p>&nbsp;<\/p>\n<div style=\"page-break-after: always;\"><span style=\"display: none;\">\u00a0<\/span><\/div>\n<p><strong> P\u00e0gina 150<\/strong><\/p>\n<p>&nbsp;<\/p>\n<p><strong>\u00abAl cap d&#8217;una estona a la mare se li va acudir que pod\u00edem mirar juntes El fantasma i la senyora Muir.\u00bb<\/strong><\/p>\n<p>&nbsp;<\/p>\n<p>El fantasma y la se\u00f1ora Muir (The Ghost and Mrs. Muir, 1947), \u00e9s una pel\u00b7l\u00edcula dirigida por Joseph L. Mankiewicz adaptaci\u00f3 d\u2019 una novel.la de R. A. Dick. Protagonitzada per Gene Tierney (se\u00f1ora Muir) i Rex Harrison (capit\u00e1n Gregg).<br \/>\nSinopsis<\/p>\n<p><img loading=\"lazy\" decoding=\"async\" class=\"alignright\" src=\"http:\/\/upload.wikimedia.org\/wikipedia\/en\/thumb\/0\/0a\/The-Ghost-and-Mrs-Muir-Posters.jpg\/220px-The-Ghost-and-Mrs-Muir-Posters.jpg\" alt=\"\" width=\"220\" height=\"340\" \/><\/p>\n<p><em>A principis del segle XX, una jove v\u00eddua, Lucy Muir, decideix mudar-se amb la seva filla petita a una casa vora el mar de la que corre el rumor que est\u00e0 habitada per l&#8217;esperit d&#8217;un antic capit\u00e0 de vaixell ja mort, Gregg. Aquest intenta espantar al principi, per\u00f2 al no aconseguir-ho, discuteixen i es van fent amics malgrat les seves car\u00e0cters completament oposats. D&#8217;altra banda, el nuvi de la jove v\u00eddua irromp en aquesta estranya relaci\u00f3 i el fantasma l&#8217;abandona sense dir-li res perqu\u00e8 pugui seguir una nova i veritable vida; Lucy s&#8217;assabenta que ell ja est\u00e0 casat i es queda soltera fins a la seva vellesa; Lucy, en morir, en l&#8217;escena m\u00e9s rom\u00e0ntica de totes, \u00e9s recollida pel capit\u00e0, que est\u00e9n els seus bra\u00e7os per acompanyar-la a l&#8217;altra vida.<\/em><\/p>\n<p>&nbsp;<\/p>\n<p>Tr\u00e0iler:<\/p>\n<div class=\"MsoNormal\" style=\"margin-bottom: 0.0001pt;\"><a href=\"http:\/\/www.youtube.com\/watch?v=zN6S6FwT5HM&amp;feature=player_embedded\"><span style=\"font-family: Verdana, sans-serif;\">http:\/\/www.youtube.com\/watch?v=zN6S6FwT5HM&amp;feature=player_embedded<\/span><\/a><\/div>\n<div class=\"MsoNormal\" style=\"margin-bottom: 0.0001pt;\"><span style=\"font-family: Verdana, sans-serif;\">Fitxa a Aula de cine:<\/span><\/div>\n<div class=\"MsoNormal\" style=\"margin-bottom: 0.0001pt;\"><a href=\"http:\/\/www.aulas.ulpgc.es\/cine\/historial\/Hoja%20No%20321_NEW-El%20Fantasma%20y%20la%20Senora%20Muir.pdf\"><span style=\"font-family: Verdana, sans-serif;\">http:\/\/www.aulas.ulpgc.es\/cine\/historial\/Hoja%20No%20321_NEW-El%20Fantasma%20y%20la%20Senora%20Muir.pdf<\/span><\/a><\/div>\n<div class=\"MsoNormal\" style=\"margin-bottom: 0.0001pt;\"><span style=\"font-family: Verdana, sans-serif;\">\u00a0<\/span><\/div>\n<div class=\"MsoNormal\" style=\"margin-bottom: 0.0001pt;\"><span style=\"font-family: Verdana, sans-serif;\">\u00a0<\/span><\/div>\n<div class=\"MsoNormal\" style=\"margin-bottom: 0.0001pt;\"><span style=\"font-family: Verdana, sans-serif;\">\u00a0<\/span><\/div>\n<p><span style=\"font-family: 'Verdana','sans-serif'; font-size: 11.0pt; line-height: 115%; mso-ansi-language: CA; mso-bidi-font-family: Verdana; mso-bidi-language: AR-SA; mso-fareast-font-family: Calibri; mso-fareast-language: EN-US;\">\u00a0<\/span><\/p>\n","protected":false},"excerpt":{"rendered":"<p>P\u00e0gina 111 &nbsp; \u00abMolt per sobre del m\u00f3n el planeta Terra es veu trist, i jo no hi puc fer res. DAVID BOWIE, \u00abSpace Oddity\u00bb\u00bb &nbsp; Fragment de la lletra de la can\u00e7\u00f3 Space Oddity, de David Bowie. &nbsp; La &hellip; <a href=\"https:\/\/guiavisualwonder.grupiref.org\/?page_id=46\">Sigue leyendo <span class=\"meta-nav\">&rarr;<\/span><\/a><\/p>\n","protected":false},"author":1,"featured_media":0,"parent":0,"menu_order":0,"comment_status":"closed","ping_status":"closed","template":"sidebar-page.php","meta":{"footnotes":""},"class_list":["post-46","page","type-page","status-publish","hentry"],"_links":{"self":[{"href":"https:\/\/guiavisualwonder.grupiref.org\/index.php?rest_route=\/wp\/v2\/pages\/46","targetHints":{"allow":["GET"]}}],"collection":[{"href":"https:\/\/guiavisualwonder.grupiref.org\/index.php?rest_route=\/wp\/v2\/pages"}],"about":[{"href":"https:\/\/guiavisualwonder.grupiref.org\/index.php?rest_route=\/wp\/v2\/types\/page"}],"author":[{"embeddable":true,"href":"https:\/\/guiavisualwonder.grupiref.org\/index.php?rest_route=\/wp\/v2\/users\/1"}],"replies":[{"embeddable":true,"href":"https:\/\/guiavisualwonder.grupiref.org\/index.php?rest_route=%2Fwp%2Fv2%2Fcomments&post=46"}],"version-history":[{"count":11,"href":"https:\/\/guiavisualwonder.grupiref.org\/index.php?rest_route=\/wp\/v2\/pages\/46\/revisions"}],"predecessor-version":[{"id":169,"href":"https:\/\/guiavisualwonder.grupiref.org\/index.php?rest_route=\/wp\/v2\/pages\/46\/revisions\/169"}],"wp:attachment":[{"href":"https:\/\/guiavisualwonder.grupiref.org\/index.php?rest_route=%2Fwp%2Fv2%2Fmedia&parent=46"}],"curies":[{"name":"wp","href":"https:\/\/api.w.org\/{rel}","templated":true}]}}