{"id":92,"date":"2013-05-31T10:27:03","date_gmt":"2013-05-31T10:27:03","guid":{"rendered":"http:\/\/guiavisualwonder.grupiref.org\/?page_id=92"},"modified":"2015-11-14T12:55:18","modified_gmt":"2015-11-14T12:55:18","slug":"setena-partmiranda","status":"publish","type":"page","link":"https:\/\/guiavisualwonder.grupiref.org\/?page_id=92","title":{"rendered":"SETENA PART<br>MIRANDA"},"content":{"rendered":"<p><head><script type=\"text\/javascript\"><\/p>\n<p>  var _gaq = _gaq || [];\n  _gaq.push(['_setAccount', 'UA-41710136-1']);\n  _gaq.push(['_setDomainName', 'grupiref.org']);\n  _gaq.push(['_setAllowLinker', true]);\n  _gaq.push(['_trackPageview']);<\/p>\n<p>  (function() {\n    var ga = document.createElement('script'); ga.type = 'text\/javascript'; ga.async = true;\n    ga.src = ('https:' == document.location.protocol ? 'https:\/\/ssl' : 'http:\/\/www') + '.google-analytics.com\/ga.js';\n    var s = document.getElementsByTagName('script')[0]; s.parentNode.insertBefore(ga, s);\n  })();<\/p>\n<p><\/script><br \/>\n<\/head><br \/>\n<strong>P\u00e0gina 317<\/strong><\/p>\n<p>&nbsp;<\/p>\n<p><strong>\u00abEm vaig oblidar que podia veure<\/strong><br \/>\n<strong>tantes coses maques.<\/strong><br \/>\n<strong>Em vaig oblidar que podia tenir la necessitat<\/strong><br \/>\n<strong>d\u2019esbrinar qu\u00e8 em podia donar la vida.<\/strong><\/p>\n<p>&nbsp;<\/p>\n<p><strong>ANDAIN, \u00abBeautiful Things\u00bb\u00bb<\/strong><\/p>\n<p>&nbsp;<\/p>\n<p>&nbsp;<\/p>\n<div class=\"separator\" style=\"clear: both; text-align: center;\"><object width=\"320\" height=\"266\" classid=\"clsid:d27cdb6e-ae6d-11cf-96b8-444553540000\" codebase=\"http:\/\/download.macromedia.com\/pub\/shockwave\/cabs\/flash\/swflash.cab#version=6,0,40,0\"><param name=\"allowFullScreen\" value=\"true\" \/><param name=\"src\" value=\"http:\/\/youtube.googleapis.com\/v\/nX16xSRKje4&amp;source=uds\" \/><param name=\"allowfullscreen\" value=\"true\" \/><embed width=\"320\" height=\"266\" type=\"application\/x-shockwave-flash\" src=\"http:\/\/youtube.googleapis.com\/v\/nX16xSRKje4&amp;source=uds\" allowFullScreen=\"true\" allowfullscreen=\"true\" \/><\/object><\/div>\n<p><span style=\"background-color: white; font-family: Verdana, sans-serif;\">\u00a0<\/span><\/p>\n<p>&nbsp;<\/p>\n<p>&nbsp;<\/p>\n<p style=\"text-align: center;\"><strong><em>\u00a0Beautiful Things<\/em> by Andain<\/strong><\/p>\n<p style=\"text-align: center;\">\n<p style=\"text-align: center;\">Got up early, found something\u2019s missing<br \/>\nMy only name<br \/>\nNo one else sees, but I got stuck<br \/>\nAnd soon forever came<br \/>\nStopped pushing on for just a second<br \/>\nThen nothing\u2019s changed<br \/>\nWho am I this time, where&#8217;s my name?<br \/>\nGuess it crept away<\/p>\n<p style=\"text-align: center;\">No one&#8217;s calling for me at the door<br \/>\nAnd unpredictable won&#8217;t bother anymore<br \/>\nAnd silently gets harder to ignore<\/p>\n<p style=\"text-align: center;\">Look straight ahead, there\u2019s nothing left to see<br \/>\nWhat\u2019s done is done, this life has got its hold on me<br \/>\nJust let it go, what now can never be<\/p>\n<p style=\"text-align: center;\">I forgot that I might see<br \/>\nSo many beautiful things<br \/>\nI forgot that I might need<br \/>\nTo find out what life could bring<\/p>\n<p style=\"text-align: center;\">Beautiful things<\/p>\n<p style=\"text-align: center;\">Take this happy ending away<br \/>\nIt&#8217;s all the same<br \/>\nGod won&#8217;t waste this simplicity<br \/>\nOn possibility<br \/>\nGet me up, wake me up, dreams are filling<br \/>\nThis trace of blame<br \/>\nFrozen still I thought I could stop<br \/>\nNow who&#8217;s gonna wait?<\/p>\n<p style=\"text-align: center;\">No one&#8217;s calling for me at the door<br \/>\nAnd unpredictable won&#8217;t bother anymore<br \/>\nAnd silently gets harder to ignore<\/p>\n<p style=\"text-align: center;\">Look straight ahead, there\u2019s nothing left to see<br \/>\nWhat\u2019s done is done, this life has got its hold on me<br \/>\nJust let it go, what now can never be<\/p>\n<p style=\"text-align: center;\">So many beautiful things<br \/>\nSo many beautiful things<\/p>\n<p style=\"text-align: center;\">Now what do I do?<br \/>\nCan I change my mind?<br \/>\nDid I think things through?<br \/>\nIt was once my life<br \/>\nIt was my life at one time<\/p>\n<p style=\"text-align: center;\">\n<p style=\"text-align: center;\">\n<p style=\"text-align: center;\">\n&nbsp;<br \/>\n&nbsp;<br \/>\n<strong>Traducci\u00f3<\/strong><\/p>\n<p>&nbsp;<\/p>\n<p style=\"text-align: center;\">\n<p style=\"text-align: center;\">Em llevo d&#8217;hora, troo alguna cosa en falta<br \/>\nEl meu \u00fanic nom<br \/>\nNing\u00fa m\u00e9s ho veu, per\u00f2 em vaig encallar<br \/>\nI aviat va arribar per sempre<br \/>\nDetingut empenyent per un segon<br \/>\nLlavors res ha canviat<br \/>\nQui s\u00f3c jo aquest cop, on \u00e9s el meu nom?<br \/>\nSuposo que es va arrossegar lluny<\/p>\n<p style=\"text-align: center;\">Ning\u00fa est\u00e0 trucant a la meva porta<br \/>\nRes imprevisible no em tornar\u00e0 a molestar<br \/>\nI en silenci es fa m\u00e9s dif\u00edcil d&#8217;ignorar<\/p>\n<p style=\"text-align: center;\">Mira cap endavant, no hi ha res per veure<br \/>\nEl fet, fet est\u00e0, aquesta vida t\u00e9 el seu poder sobre la meva<br \/>\nNom\u00e9s deixa-ho c\u00f3rrer, el que ara no pot ser mai<\/p>\n<p style=\"text-align: center;\">Em vaig oblidar que jo podria veure<br \/>\nTantes coses belles<br \/>\nEm vaig oblidar que jo podria necessitar<br \/>\nPer saber el que la vida podria portar<\/p>\n<p style=\"text-align: center;\">Les coses belles<\/p>\n<p style=\"text-align: center;\">Pren aquest final feli\u00e7 de dist\u00e0ncia<br \/>\n\u00c9s tot el mateix<br \/>\nD\u00e9u no va a desaprofitar aquesta simplicitat<br \/>\nen possibilitat<br \/>\nPorta-me&#8217;n dalt, em desperta, somnis estan omplint<br \/>\nAquest rastre de culpa<br \/>\nCongelat encara pensava que podia deixar de<br \/>\nAra, qui va a esperar?<\/p>\n<p style=\"text-align: center;\">Ning\u00fa est\u00e0 trucant per a mi a la porta<br \/>\nI impredictible no li molestar\u00e0 m\u00e9s<br \/>\nI en silenci es fa m\u00e9s dif\u00edcil d&#8217;ignorar<\/p>\n<p style=\"text-align: center;\">Mira cap endavant, no hi ha res per veure<br \/>\nEl fet, fet est\u00e0, aquesta vida t\u00e9 el seu poder sobre la meva<br \/>\nNom\u00e9s deixa anar, el que ara no pot ser mai<\/p>\n<p style=\"text-align: center;\">Tantes coses belles<br \/>\nTantes coses belles<\/p>\n<p style=\"text-align: center;\">\n<p style=\"text-align: left;\">\n&nbsp;<br \/>\n&nbsp;<\/p>\n<p><strong>P\u00e0gina 320<\/strong><\/p>\n<p>&nbsp;<\/p>\n<p style=\"text-align: left;\">\n<strong> \u00abConec l\u2019Auggie des que tenia sis anys. L\u2019he vist cr\u00e9ixer. Hi he jugat. M\u2019he empassat els sis episodis de Star Wars nom\u00e9s per ell, per poder parlar amb ell d\u2019extraterrestres, ca\u00e7a recompenses i aquestes coses.\u00bb<\/strong><\/p>\n<p>\u00a0<img loading=\"lazy\" decoding=\"async\" class=\"aligncenter\" alt=\"\" src=\"http:\/\/www.fanhammer.es\/wp-content\/uploads\/2011\/11\/StarWars-Saga6.jpg\" width=\"320\" height=\"295\" \/><\/p>\n","protected":false},"excerpt":{"rendered":"<p>P\u00e0gina 317 &nbsp; \u00abEm vaig oblidar que podia veure tantes coses maques. Em vaig oblidar que podia tenir la necessitat d\u2019esbrinar qu\u00e8 em podia donar la vida. &nbsp; ANDAIN, \u00abBeautiful Things\u00bb\u00bb &nbsp; &nbsp; \u00a0 &nbsp; &nbsp; \u00a0Beautiful Things by Andain &hellip; <a href=\"https:\/\/guiavisualwonder.grupiref.org\/?page_id=92\">Sigue leyendo <span class=\"meta-nav\">&rarr;<\/span><\/a><\/p>\n","protected":false},"author":1,"featured_media":0,"parent":0,"menu_order":0,"comment_status":"closed","ping_status":"closed","template":"sidebar-page.php","meta":{"footnotes":""},"class_list":["post-92","page","type-page","status-publish","hentry"],"_links":{"self":[{"href":"https:\/\/guiavisualwonder.grupiref.org\/index.php?rest_route=\/wp\/v2\/pages\/92","targetHints":{"allow":["GET"]}}],"collection":[{"href":"https:\/\/guiavisualwonder.grupiref.org\/index.php?rest_route=\/wp\/v2\/pages"}],"about":[{"href":"https:\/\/guiavisualwonder.grupiref.org\/index.php?rest_route=\/wp\/v2\/types\/page"}],"author":[{"embeddable":true,"href":"https:\/\/guiavisualwonder.grupiref.org\/index.php?rest_route=\/wp\/v2\/users\/1"}],"replies":[{"embeddable":true,"href":"https:\/\/guiavisualwonder.grupiref.org\/index.php?rest_route=%2Fwp%2Fv2%2Fcomments&post=92"}],"version-history":[{"count":6,"href":"https:\/\/guiavisualwonder.grupiref.org\/index.php?rest_route=\/wp\/v2\/pages\/92\/revisions"}],"predecessor-version":[{"id":173,"href":"https:\/\/guiavisualwonder.grupiref.org\/index.php?rest_route=\/wp\/v2\/pages\/92\/revisions\/173"}],"wp:attachment":[{"href":"https:\/\/guiavisualwonder.grupiref.org\/index.php?rest_route=%2Fwp%2Fv2%2Fmedia&parent=92"}],"curies":[{"name":"wp","href":"https:\/\/api.w.org\/{rel}","templated":true}]}}